{"id":1197,"date":"2022-09-09T16:39:44","date_gmt":"2022-09-09T14:39:44","guid":{"rendered":"http:\/\/purificon.de\/?page_id=1197"},"modified":"2022-11-02T17:37:02","modified_gmt":"2022-11-02T16:37:02","slug":"datenschutzerklaerung","status":"publish","type":"page","link":"https:\/\/purificon.de\/en\/datenschutzerklaerung\/","title":{"rendered":"Datenschutzerkl\u00e4rung"},"content":{"rendered":"<div data-elementor-type=\"wp-page\" data-elementor-id=\"1197\" class=\"elementor elementor-1197\">\n\t\t\t\t\t\t<section class=\"elementor-section elementor-top-section elementor-element elementor-element-539ecbb elementor-section-boxed elementor-section-height-default elementor-section-height-default\" data-id=\"539ecbb\" data-element_type=\"section\" data-e-type=\"section\">\n\t\t\t\t\t\t<div class=\"elementor-container elementor-column-gap-default\">\n\t\t\t\t\t<div class=\"elementor-column elementor-col-100 elementor-top-column elementor-element elementor-element-04b36ba\" data-id=\"04b36ba\" data-element_type=\"column\" data-e-type=\"column\">\n\t\t\t<div class=\"elementor-widget-wrap elementor-element-populated\">\n\t\t\t\t\t\t<div class=\"elementor-element elementor-element-954c8e0 elementor-widget elementor-widget-text-editor\" data-id=\"954c8e0\" data-element_type=\"widget\" data-e-type=\"widget\" data-widget_type=\"text-editor.default\">\n\t\t\t\t<div class=\"elementor-widget-container\">\n\t\t\t\t\t\t\t\t\t<h4>Privacy Policy<\/h4><h5>1. An overview of data protection<\/h5><h5>General information<\/h5><p>The following information will provide you with an easy to navigate overview of what will happen with your\npersonal data when you visit this website. The term \u201cpersonal data\u201d comprises all data that can be used to\npersonally identify you. For detailed information about the subject matter of data protection, please consult\nour Data Protection Declaration, which we have included beneath this copy.<\/p><h5>Data recording on this website<\/h5><h4>Who is the responsible party for the recording of data on this website (i.e., the \u201ccontroller\u201d)?<\/h4><p>The data on this website is processed by the operator of the website, whose contact information is available\nunder section \u201cInformation about the responsible party (referred to as the \u201ccontroller\u201d in the GDPR)\u201d in this\nPrivacy Policy.<\/p><h4>How do we record your data?<\/h4><p>We collect your data as a result of your sharing of your data with us. This may, for instance be information\nyou enter into our contact form.<\/p><p>Other data shall be recorded by our IT systems automatically or after you consent to its recording during\nyour website visit. This data comprises primarily technical information (e.g., web browser, operating system,\nor time the site was accessed). This information is recorded automatically when you access this website.<\/p><h4>What are the purposes we use your data for?<\/h4><p>A portion of the information is generated to guarantee the error free provision of the website. Other data\nmay be used to analyze your user patterns.<\/p><h4>What rights do you have as far as your information is concerned?<\/h4><p>You have the right to receive information about the source, recipients, and purposes of your archived\npersonal data at any time without having to pay a fee for such disclosures. You also have the right to demand that your data are rectified or eradicated. If you have consented to data processing, you have the option to revoke this consent at any time, which shall affect all future data processing. Moreover, you have the right to demand that the processing of your data be restricted under certain circumstances. Furthermore, you have the right to log a complaint with the competent supervising agency.<\/p><p>Please do not hesitate to contact us at any time if you have questions about this or any other data protection\nrelated issues.<\/p><h5>2. Hosting<\/h5><p>We are hosting the content of our website at the following provider:<\/p><h5>DomainFactory<\/h5><p>We use DomainFactory on the basis of Art. 6(1)(f) GDPR. We have a legitimate interest in making the\ndepiction of our website as dependable as possible. If you have been asked for your respective consent,\nprocessing shall occur exclusively on the basis of Art. 6(1)(a) GDPR and \u00a7 25(1) TTDSG, if the consent\ncomprises the archiving of cookies or access to information on the user\u2019s device (e.g., device finger printing)\nas defined in the TTDSG. Such consent may be revoked at any time.<\/p><p>For details, please refer to the Privacy Policy of DomainFactory: <a href=\"https:\/\/www.df.eu\/de\/datenschutz\/.\" target=\"_blank\" rel=\"noopener noreferrer\">https:\/\/www.df.eu\/de\/datenschutz\/.<\/a>.<\/p><p>We use DomainFactory on the basis of Art. 6(1)(f) GDPR. We have a legitimate interest in making the\ndepiction of our website as dependable as possible. If you have been asked for your respective consent,\nprocessing shall occur exclusively on the basis of Art. 6(1)(a) GDPR and \u00a7 25(1) TTDSG, if the consent\ncomprises the archiving of cookies or access to information on the user\u2019s device (e.g., device finger printing)\nas defined in the TTDSG. Such consent may be revoked at any time.<\/p><h5>3. General information and mandatory information<\/h5><h5>Data protection<\/h5><p>The operators of this website and its pages take the protection of your personal data very seriously. Hence,\nwe handle your personal data as confidential information and in compliance with the statutory data\nprotection regulations and this Data Protection Declaration.<\/p><p>Whenever you use this website, a variety of personal information will be collected. Personal data comprises\ndata that can be used to personally identify you. This Data Protection Declaration explains which data we\ncollect as well as the purposes we use this data for. It also explains how, and for which purpose the\ninformation is collected.<\/p><p>We herewith advise you that the transmission of data via the Internet (i.e., through e-mail communications)\nmay be prone to security gaps. It is not possible to completely protect data against third-party access.<\/p><h5>Information about the responsible party (referred to as the \u201ccontroller\u201d in the GDPR)<\/h5><p>The data processing controller on this website is:<\/p><p>PURIFICON GmbH<br \/>Barmbeker Str. 33<br \/>22303 Hamburg<\/p><p>Phone: 040 3684 7195<br \/>E-mail: info@purificon.de<\/p><p>The controller is the natural person or legal entity that single-handedly or jointly with others makes\ndecisions as to the purposes of and resources for the processing of personal data (e.g., names, e-mailaddresses, etc.).<\/p><h5>Storage duration<\/h5><p>Unless a more specific storage period has been specified in this privacy policy, your personal data will remain\nwith us until the purpose for which it was collected no longer applies. If you assert a justified request for\ndeletion or revoke your consent to data processing, your data will be deleted, unless we have other legally\npermissible reasons for storing your personal data (e.g., tax or commercial law retention periods); in the\nlatter case, the deletion will take place after these reasons cease to apply.<\/p><h5>General information on the legal basis for the data processing on this website<\/h5><p>If you have consented to data processing, we process your personal data on the basis of Art. 6(1)(a) GDPR or\nArt. 9 (2)(a) GDPR, if special categories of data are processed according to Art. 9 (1) DSGVO. In the case of\nexplicit consent to the transfer of personal data to third countries, the data processing is also based on Art.\n49 (1)(a) GDPR. If you have consented to the storage of cookies or to the access to information in your end\ndevice (e.g., via device fingerprinting), the data processing is additionally based on \u00a7 25 (1) TTDSG. The\nconsent can be revoked at any time. If your data is required for the fulfillment of a contract or for the\nimplementation of pre-contractual measures, we process your data on the basis of Art. 6(1)(b) GDPR.\nFurthermore, if your data is required for the fulfillment of a legal obligation, we process it on the basis of Art.\n6(1)(c) GDPR. Furthermore, the data processing may be carried out on the basis of our legitimate interest\naccording to Art. 6(1)(f) GDPR. Information on the relevant legal basis in each individual case is provided in\nthe following paragraphs of this privacy policy.<\/p><h5>Revocation of your consent to the processing of data<\/h5><p>A wide range of data processing transactions are possible only subject to your express consent. You can also\nrevoke at any time any consent you have already given us. This shall be without prejudice to the lawfulness\nof any data collection that occurred prior to your revocation.<\/p><h5>Right to object to the collection of data in special cases; right to object to direct\nadvertising (Art. 21 GDPR)<\/h5><p>IN THE EVENT THAT DATA ARE PROCESSED ON THE BASIS OF ART. 6(1)(E) OR (F) GDPR, YOU HAVE\nTHE RIGHT TO AT ANY TIME OBJECT TO THE PROCESSING OF YOUR PERSONAL DATA BASED ON\nGROUNDS ARISING FROM YOUR UNIQUE SITUATION. THIS ALSO APPLIES TO ANY PROFILING BASED\nON THESE PROVISIONS. TO DETERMINE THE LEGAL BASIS, ON WHICH ANY PROCESSING OF DATA IS\nBASED, PLEASE CONSULT THIS DATA PROTECTION DECLARATION. IF YOU LOG AN OBJECTION, WE\nWILL NO LONGER PROCESS YOUR AFFECTED PERSONAL DATA, UNLESS WE ARE IN A POSITION TO\nPRESENT COMPELLING PROTECTION WORTHY GROUNDS FOR THE PROCESSING OF YOUR DATA,\nTHAT OUTWEIGH YOUR INTERESTS, RIGHTS AND FREEDOMS OR IF THE PURPOSE OF THE\nPROCESSING IS THE CLAIMING, EXERCISING OR DEFENCE OF LEGAL ENTITLEMENTS (OBJECTION\nPURSUANT TO ART. 21(1) GDPR).<\/p><p>IF YOUR PERSONAL DATA IS BEING PROCESSED IN ORDER TO ENGAGE IN DIRECT ADVERTISING,\nYOU HAVE THE RIGHT TO OBJECT TO THE PROCESSING OF YOUR AFFECTED PERSONAL DATA FOR\nTHE PURPOSES OF SUCH ADVERTISING AT ANY TIME. THIS ALSO APPLIES TO PROFILING TO THE\nEXTENT THAT IT IS AFFILIATED WITH SUCH DIRECT ADVERTISING. IF YOU OBJECT, YOUR PERSONAL\nDATA WILL SUBSEQUENTLY NO LONGER BE USED FOR DIRECT ADVERTISING PURPOSES\n(OBJECTION PURSUANT TO ART. 21(2) GDPR).<\/p><h5>Right to log a complaint with the competent supervisory agency<\/h5><p>In the event of violations of the GDPR, data subjects are entitled to log a complaint with a supervisory agency, in particular in the member state where they usually maintain their domicile, place of work or at the\nplace where the alleged violation occurred. The right to log a complaint is in effect regardless of any other\nadministrative or court proceedings available as legal recourses.<\/p><h5>Right to data portability<\/h5><p>You have the right to demand that we hand over any data we automatically process on the basis of your\nconsent or in order to fulfil a contract be handed over to you or a third party in a commonly used, machine\nreadable format. If you should demand the direct transfer of the data to another controller, this will be done\nonly if it is technically feasible.<\/p><h5>Information about, rectification and eradication of data<\/h5><p>Within the scope of the applicable statutory provisions, you have the right to at any time demand\ninformation about your archived personal data, their source and recipients as well as the purpose of the\nprocessing of your data. You may also have a right to have your data rectified or eradicated. If you have\nquestions about this subject matter or any other questions about personal data, please do not hesitate to\ncontact us at any time.<\/p><h5>Right to demand processing restrictions<\/h5><p>You have the right to demand the imposition of restrictions as far as the processing of your personal data is\nconcerned. To do so, you may contact us at any time. The right to demand restriction of processing applies in\nthe following cases:<\/p><ul><li>In the event that you should dispute the correctness of your data archived by us, we will usually need\nsome time to verify this claim. During the time that this investigation is ongoing, you have the right to\ndemand that we restrict the processing of your personal data.<\/li><li>If the processing of your personal data was\/is conducted in an unlawful manner, you have the option to\ndemand the restriction of the processing of your data in lieu of demanding the eradication of this data.<\/li><li>If we do not need your personal data any longer and you need it to exercise, defend or claim legal\nentitlements, you have the right to demand the restriction of the processing of your personal data instead\nof its eradication.<\/li><li>If you have raised an objection pursuant to Art. 21(1) GDPR, your rights and our rights will have to be\nweighed against each other. As long as it has not been determined whose interests prevail, you have the\nright to demand a restriction of the processing of your personal data.<\/li><\/ul><p>If you have restricted the processing of your personal data, these data \u2013 with the exception of their archiving \u2013\nmay be processed only subject to your consent or to claim, exercise or defend legal entitlements or to\nprotect the rights of other natural persons or legal entities or for important public interest reasons cited by\nthe European Union or a member state of the EU.<\/p><h5>SSL and\/or TLS encryption<\/h5><p>For security reasons and to protect the transmission of confidential content, such as purchase orders or\ninquiries you submit to us as the website operator, this website uses either an SSL or a TLS encryption\nprogram. You can recognize an encrypted connection by checking whether the address line of the browser\nswitches from \u201chttp:\/\/\u201d to \u201chttps:\/\/\u201d and also by the appearance of the lock icon in the browser line.<\/p><p>If the SSL or TLS encryption is activated, data you transmit to us cannot be read by third parties.<\/p><h5>Rejection of unsolicited e-mails<\/h5><p>We herewith object to the use of contact information published in conjunction with the mandatory information to be provided in our Site Notice to send us promotional and information material that we have\nnot expressly requested. The operators of this website and its pages reserve the express right to take legal\naction in the event of the unsolicited sending of promotional information, for instance via SPAM messages.<\/p><h5>4. Recording of data on this website<\/h5><h5>Request by e-mail, telephone, or fax<\/h5><p>If you contact us by e-mail, telephone or fax, your request, including all resulting personal data (name,\nrequest) will be stored and processed by us for the purpose of processing your request. We do not pass these\ndata on without your consent.<\/p><p>These data are processed on the basis of Art. 6(1)(b) GDPR if your inquiry is related to the fulfillment of a\ncontract or is required for the performance of pre-contractual measures. In all other cases, the data are\nprocessed on the basis of our legitimate interest in the effective handling of inquiries submitted to us (Art.\n6(1)(f) GDPR) or on the basis of your consent (Art. 6(1)(a) GDPR) if it has been obtained; the consent can be\nrevoked at any time.<\/p><p>The data sent by you to us via contact requests remain with us until you request us to delete, revoke your\nconsent to the storage or the purpose for the data storage lapses (e.g. after completion of your request).\nMandatory statutory provisions - in particular statutory retention periods - remain unaffected.<\/p>\t\t\t\t\t\t\t\t<\/div>\n\t\t\t\t<\/div>\n\t\t\t\t\t<\/div>\n\t\t<\/div>\n\t\t\t\t\t<\/div>\n\t\t<\/section>\n\t\t\t\t<\/div>","protected":false},"excerpt":{"rendered":"<p>Datenschutz\u00aderkl\u00e4rung 1. Datenschutz auf einen Blick Allgemeine Hinweise Die folgenden Hinweise geben einen einfachen \u00dcberblick dar\u00fcber, was mit Ihren personenbezogenen Daten passiert, wenn Sie diese Website besuchen. Personenbezogene Daten sind alle Daten, mit denen Sie pers\u00f6nlich identifiziert werden k\u00f6nnen. Ausf\u00fchrliche Informationen zum Thema Datenschutz entnehmen Sie unserer unter diesem Text aufgef\u00fchrten Datenschutzerkl\u00e4rung. Datenerfassung auf dieser [&hellip;]<\/p>\n","protected":false},"author":1,"featured_media":0,"parent":0,"menu_order":0,"comment_status":"closed","ping_status":"closed","template":"","meta":{"site-sidebar-layout":"no-sidebar","site-content-layout":"page-builder","ast-site-content-layout":"default","site-content-style":"default","site-sidebar-style":"default","ast-global-header-display":"","ast-banner-title-visibility":"","ast-main-header-display":"","ast-hfb-above-header-display":"","ast-hfb-below-header-display":"","ast-hfb-mobile-header-display":"","site-post-title":"disabled","ast-breadcrumbs-content":"","ast-featured-img":"disabled","footer-sml-layout":"","ast-disable-related-posts":"","theme-transparent-header-meta":"","adv-header-id-meta":"","stick-header-meta":"","header-above-stick-meta":"","header-main-stick-meta":"","header-below-stick-meta":"","astra-migrate-meta-layouts":"default","ast-page-background-enabled":"default","ast-page-background-meta":{"desktop":{"background-color":"","background-image":"","background-repeat":"repeat","background-position":"center center","background-size":"auto","background-attachment":"scroll","background-type":"","background-media":"","overlay-type":"","overlay-color":"","overlay-opacity":"","overlay-gradient":""},"tablet":{"background-color":"","background-image":"","background-repeat":"repeat","background-position":"center center","background-size":"auto","background-attachment":"scroll","background-type":"","background-media":"","overlay-type":"","overlay-color":"","overlay-opacity":"","overlay-gradient":""},"mobile":{"background-color":"","background-image":"","background-repeat":"repeat","background-position":"center center","background-size":"auto","background-attachment":"scroll","background-type":"","background-media":"","overlay-type":"","overlay-color":"","overlay-opacity":"","overlay-gradient":""}},"ast-content-background-meta":{"desktop":{"background-color":"var(--ast-global-color-5)","background-image":"","background-repeat":"repeat","background-position":"center center","background-size":"auto","background-attachment":"scroll","background-type":"","background-media":"","overlay-type":"","overlay-color":"","overlay-opacity":"","overlay-gradient":""},"tablet":{"background-color":"var(--ast-global-color-5)","background-image":"","background-repeat":"repeat","background-position":"center center","background-size":"auto","background-attachment":"scroll","background-type":"","background-media":"","overlay-type":"","overlay-color":"","overlay-opacity":"","overlay-gradient":""},"mobile":{"background-color":"var(--ast-global-color-5)","background-image":"","background-repeat":"repeat","background-position":"center center","background-size":"auto","background-attachment":"scroll","background-type":"","background-media":"","overlay-type":"","overlay-color":"","overlay-opacity":"","overlay-gradient":""}},"footnotes":""},"class_list":["post-1197","page","type-page","status-publish","hentry"],"_links":{"self":[{"href":"https:\/\/purificon.de\/en\/wp-json\/wp\/v2\/pages\/1197","targetHints":{"allow":["GET"]}}],"collection":[{"href":"https:\/\/purificon.de\/en\/wp-json\/wp\/v2\/pages"}],"about":[{"href":"https:\/\/purificon.de\/en\/wp-json\/wp\/v2\/types\/page"}],"author":[{"embeddable":true,"href":"https:\/\/purificon.de\/en\/wp-json\/wp\/v2\/users\/1"}],"replies":[{"embeddable":true,"href":"https:\/\/purificon.de\/en\/wp-json\/wp\/v2\/comments?post=1197"}],"version-history":[{"count":0,"href":"https:\/\/purificon.de\/en\/wp-json\/wp\/v2\/pages\/1197\/revisions"}],"wp:attachment":[{"href":"https:\/\/purificon.de\/en\/wp-json\/wp\/v2\/media?parent=1197"}],"curies":[{"name":"wp","href":"https:\/\/api.w.org\/{rel}","templated":true}]}}